{"id":2795,"date":"2022-03-09T08:54:42","date_gmt":"2022-03-09T08:54:42","guid":{"rendered":"https:\/\/eacademix.wpcolorlab.com\/?page_id=2795"},"modified":"2023-06-18T17:41:10","modified_gmt":"2023-06-18T17:41:10","slug":"cse-home","status":"publish","type":"page","link":"https:\/\/grav.ujaen.es\/","title":{"rendered":"Home"},"content":{"rendered":"\t\t<div data-elementor-type=\"wp-page\" data-elementor-id=\"2795\" class=\"elementor elementor-2795\">\n\t\t\t\t\t\t\t\t\t<section class=\"elementor-section elementor-top-section elementor-element elementor-element-c192ac2 elementor-section-full_width elementor-section-stretched elementor-section-height-default elementor-section-height-default\" data-id=\"c192ac2\" data-element_type=\"section\" data-settings=\"{&quot;stretch_section&quot;:&quot;section-stretched&quot;}\">\n\t\t\t\t\t\t<div class=\"elementor-container elementor-column-gap-no\">\n\t\t\t\t\t<div class=\"elementor-column elementor-col-100 elementor-top-column elementor-element elementor-element-078b46e\" data-id=\"078b46e\" data-element_type=\"column\">\n\t\t\t<div class=\"elementor-widget-wrap elementor-element-populated\">\n\t\t\t\t\t\t\t\t<div class=\"elementor-element elementor-element-dfa8de3 cse-academix-slider elementor-widget elementor-widget-slider\" data-id=\"dfa8de3\" data-element_type=\"widget\" data-widget_type=\"slider.default\">\n\t\t\t\t<div class=\"elementor-widget-container\">\n\t\t\t<div class=\"sabbi-site-head\"><div class=\"sabbi-site-header-meta\" >\n            <div class=\"site-hmsl-content text-center pt_60\">\n                <div class=\"seq seq--kawsa\" id=\"sequence\" data-slideautoPlay=\"1\" data-slideautoPlayInterval=\"\">\n                    <div class=\"seq-screen\">\n                        <ul class=\"seq-canvas\"><li class=\"seq-step1 elementor-repeater-item-65402db\" id=\"step1\">\n                        <div class=\"bg-blend\"><\/div>\n                <div class=\"seq-content\" ><h2 class=\"seq-title tt_up\" data-seq=\"\">GRUPO DE INVESTIGACI\u00d3N EN ROB\u00d3TICA AUTOM\u00c1TICA Y VISI\u00d3N POR COMPUTADOR<\/h2><\/div><\/li><li class=\"seq-step1 elementor-repeater-item-3075560\" id=\"step2\">\n                        <div class=\"bg-blend\"><\/div>\n                <div class=\"seq-content\" ><h2 class=\"seq-title tt_up\" data-seq=\"\">GRUPO DE INVESTIGACI\u00d3N EN ROB\u00d3TICA AUTOM\u00c1TICA Y VISI\u00d3N POR COMPUTADOR<\/h2><\/div><\/li><li class=\"seq-step1 elementor-repeater-item-ef109e7\" id=\"step3\">\n                        <div class=\"bg-blend\"><\/div>\n                <div class=\"seq-content\" ><h2 class=\"seq-title tt_up\" data-seq=\"\">GRUPO DE INVESTIGACI\u00d3N EN ROB\u00d3TICA AUTOM\u00c1TICA Y VISI\u00d3N POR COMPUTADOR<\/h2><\/div><\/li><\/ul><div class=\"sec-navigate-wrap pos-y_center\">\n            <button type=\"button\" class=\"seq-next\"><\/button>\n            <button type=\"button\" class=\"seq-prev\"><\/button>\n        <\/div><\/div>\n                <\/div>\n            <\/div>\n        <\/div>\n        <\/div>\t\t<\/div>\n\t\t\t\t<\/div>\n\t\t\t\t\t<\/div>\n\t\t<\/div>\n\t\t\t\t\t\t\t<\/div>\n\t\t<\/section>\n\t\t\t\t<section class=\"elementor-section elementor-top-section elementor-element elementor-element-78601b0 elementor-section-boxed elementor-section-height-default elementor-section-height-default\" data-id=\"78601b0\" data-element_type=\"section\">\n\t\t\t\t\t\t<div class=\"elementor-container elementor-column-gap-extended\">\n\t\t\t\t\t<div class=\"elementor-column elementor-col-33 elementor-top-column elementor-element elementor-element-0e86e10\" data-id=\"0e86e10\" data-element_type=\"column\" data-settings=\"{&quot;background_background&quot;:&quot;classic&quot;}\">\n\t\t\t<div class=\"elementor-widget-wrap elementor-element-populated\">\n\t\t\t\t\t\t\t\t<div class=\"elementor-element elementor-element-fe624a7 elementor-widget elementor-widget-image\" data-id=\"fe624a7\" data-element_type=\"widget\" data-widget_type=\"image.default\">\n\t\t\t\t<div class=\"elementor-widget-container\">\n\t\t\t<style>\/*! elementor - v3.13.3 - 28-05-2023 *\/\n.elementor-widget-image{text-align:center}.elementor-widget-image a{display:inline-block}.elementor-widget-image a img[src$=\".svg\"]{width:48px}.elementor-widget-image img{vertical-align:middle;display:inline-block}<\/style>\t\t\t\t\t\t\t\t\t\t\t\t<img decoding=\"async\" width=\"640\" height=\"708\" src=\"https:\/\/grav.ujaen.es\/wp-content\/uploads\/2023\/06\/robotica.png\" class=\"attachment-large size-large wp-image-3153\" alt=\"\" loading=\"lazy\" srcset=\"https:\/\/grav.ujaen.es\/wp-content\/uploads\/2023\/06\/robotica.png 731w, https:\/\/grav.ujaen.es\/wp-content\/uploads\/2023\/06\/robotica-271x300.png 271w\" sizes=\"(max-width: 640px) 100vw, 640px\" \/>\t\t\t\t\t\t\t\t\t\t\t\t\t\t\t<\/div>\n\t\t\t\t<\/div>\n\t\t\t\t<div class=\"elementor-element elementor-element-f84ce42 elementor-widget elementor-widget-heading\" data-id=\"f84ce42\" data-element_type=\"widget\" data-widget_type=\"heading.default\">\n\t\t\t\t<div class=\"elementor-widget-container\">\n\t\t\t<style>\/*! elementor - v3.13.3 - 28-05-2023 *\/\n.elementor-heading-title{padding:0;margin:0;line-height:1}.elementor-widget-heading .elementor-heading-title[class*=elementor-size-]>a{color:inherit;font-size:inherit;line-height:inherit}.elementor-widget-heading .elementor-heading-title.elementor-size-small{font-size:15px}.elementor-widget-heading .elementor-heading-title.elementor-size-medium{font-size:19px}.elementor-widget-heading .elementor-heading-title.elementor-size-large{font-size:29px}.elementor-widget-heading .elementor-heading-title.elementor-size-xl{font-size:39px}.elementor-widget-heading .elementor-heading-title.elementor-size-xxl{font-size:59px}<\/style><h2 class=\"elementor-heading-title elementor-size-default\">Rob\u00f3tica<\/h2>\t\t<\/div>\n\t\t\t\t<\/div>\n\t\t\t\t<div class=\"elementor-element elementor-element-74d7b10 elementor-widget elementor-widget-text-editor\" data-id=\"74d7b10\" data-element_type=\"widget\" data-widget_type=\"text-editor.default\">\n\t\t\t\t<div class=\"elementor-widget-container\">\n\t\t\t<style>\/*! elementor - v3.13.3 - 28-05-2023 *\/\n.elementor-widget-text-editor.elementor-drop-cap-view-stacked .elementor-drop-cap{background-color:#69727d;color:#fff}.elementor-widget-text-editor.elementor-drop-cap-view-framed .elementor-drop-cap{color:#69727d;border:3px solid;background-color:transparent}.elementor-widget-text-editor:not(.elementor-drop-cap-view-default) .elementor-drop-cap{margin-top:8px}.elementor-widget-text-editor:not(.elementor-drop-cap-view-default) .elementor-drop-cap-letter{width:1em;height:1em}.elementor-widget-text-editor .elementor-drop-cap{float:left;text-align:center;line-height:1;font-size:50px}.elementor-widget-text-editor .elementor-drop-cap-letter{display:inline-block}<\/style>\t\t\t\t<p>L\u00ednea de investigaci\u00f3n relacionada con el control de la interacci\u00f3n f\u00edsica de manipuladores referida a la capacidad de \u00e9stos para interactuar de manera segura y precisa con su entorno f\u00edsico, incluyendo objetos y seres humanos.<\/p>\t\t\t\t\t\t<\/div>\n\t\t\t\t<\/div>\n\t\t\t\t\t<\/div>\n\t\t<\/div>\n\t\t\t\t<div class=\"elementor-column elementor-col-33 elementor-top-column elementor-element elementor-element-24055b0\" data-id=\"24055b0\" data-element_type=\"column\" data-settings=\"{&quot;background_background&quot;:&quot;classic&quot;}\">\n\t\t\t<div class=\"elementor-widget-wrap elementor-element-populated\">\n\t\t\t\t\t\t\t\t<div class=\"elementor-element elementor-element-419e042 elementor-widget elementor-widget-image\" data-id=\"419e042\" data-element_type=\"widget\" data-widget_type=\"image.default\">\n\t\t\t\t<div class=\"elementor-widget-container\">\n\t\t\t\t\t\t\t\t\t\t\t\t\t\t\t<img decoding=\"async\" width=\"640\" height=\"651\" src=\"https:\/\/grav.ujaen.es\/wp-content\/uploads\/2023\/06\/vision-1-1006x1024.png\" class=\"attachment-large size-large wp-image-3159\" alt=\"\" loading=\"lazy\" srcset=\"https:\/\/grav.ujaen.es\/wp-content\/uploads\/2023\/06\/vision-1-1006x1024.png 1006w, https:\/\/grav.ujaen.es\/wp-content\/uploads\/2023\/06\/vision-1-295x300.png 295w, https:\/\/grav.ujaen.es\/wp-content\/uploads\/2023\/06\/vision-1-768x782.png 768w, https:\/\/grav.ujaen.es\/wp-content\/uploads\/2023\/06\/vision-1-1509x1536.png 1509w, https:\/\/grav.ujaen.es\/wp-content\/uploads\/2023\/06\/vision-1.png 1779w\" sizes=\"(max-width: 640px) 100vw, 640px\" \/>\t\t\t\t\t\t\t\t\t\t\t\t\t\t\t<\/div>\n\t\t\t\t<\/div>\n\t\t\t\t<div class=\"elementor-element elementor-element-7f24d23 elementor-widget elementor-widget-heading\" data-id=\"7f24d23\" data-element_type=\"widget\" data-widget_type=\"heading.default\">\n\t\t\t\t<div class=\"elementor-widget-container\">\n\t\t\t<h2 class=\"elementor-heading-title elementor-size-default\">Visi\u00f3n por computador<\/h2>\t\t<\/div>\n\t\t\t\t<\/div>\n\t\t\t\t<div class=\"elementor-element elementor-element-ddd4f3c elementor-widget elementor-widget-text-editor\" data-id=\"ddd4f3c\" data-element_type=\"widget\" data-widget_type=\"text-editor.default\">\n\t\t\t\t<div class=\"elementor-widget-container\">\n\t\t\t\t\t\t\t<p>L\u00ednea de investigaci\u00f3n relacionada con el desarrollo de t\u00e9cnicas de procesamiento de im\u00e1genes para analizar y evaluar la calidad de productos o componentes en procesos industriales.<\/p>\t\t\t\t\t\t<\/div>\n\t\t\t\t<\/div>\n\t\t\t\t\t<\/div>\n\t\t<\/div>\n\t\t\t\t<div class=\"elementor-column elementor-col-33 elementor-top-column elementor-element elementor-element-d9a021e\" data-id=\"d9a021e\" data-element_type=\"column\" data-settings=\"{&quot;background_background&quot;:&quot;classic&quot;}\">\n\t\t\t<div class=\"elementor-widget-wrap elementor-element-populated\">\n\t\t\t\t\t\t\t\t<div class=\"elementor-element elementor-element-13c7707 elementor-widget elementor-widget-image\" data-id=\"13c7707\" data-element_type=\"widget\" data-widget_type=\"image.default\">\n\t\t\t\t<div class=\"elementor-widget-container\">\n\t\t\t\t\t\t\t\t\t\t\t\t\t\t\t<img decoding=\"async\" width=\"640\" height=\"685\" src=\"https:\/\/grav.ujaen.es\/wp-content\/uploads\/2023\/06\/olive-1.png\" class=\"attachment-large size-large wp-image-3163\" alt=\"\" loading=\"lazy\" srcset=\"https:\/\/grav.ujaen.es\/wp-content\/uploads\/2023\/06\/olive-1.png 872w, https:\/\/grav.ujaen.es\/wp-content\/uploads\/2023\/06\/olive-1-280x300.png 280w, https:\/\/grav.ujaen.es\/wp-content\/uploads\/2023\/06\/olive-1-768x822.png 768w\" sizes=\"(max-width: 640px) 100vw, 640px\" \/>\t\t\t\t\t\t\t\t\t\t\t\t\t\t\t<\/div>\n\t\t\t\t<\/div>\n\t\t\t\t<div class=\"elementor-element elementor-element-36ce71f elementor-widget elementor-widget-heading\" data-id=\"36ce71f\" data-element_type=\"widget\" data-widget_type=\"heading.default\">\n\t\t\t\t<div class=\"elementor-widget-container\">\n\t\t\t<h2 class=\"elementor-heading-title elementor-size-default\">Olivicultura y elaiotecnia<\/h2>\t\t<\/div>\n\t\t\t\t<\/div>\n\t\t\t\t<div class=\"elementor-element elementor-element-6ad9989 elementor-widget elementor-widget-text-editor\" data-id=\"6ad9989\" data-element_type=\"widget\" data-widget_type=\"text-editor.default\">\n\t\t\t\t<div class=\"elementor-widget-container\">\n\t\t\t\t\t\t\t<p>L\u00ednea de investigaci\u00f3n relacionada con la automatizaci\u00f3n del proceso de elaboraci\u00f3n del aceite de oliva: implementaci\u00f3n de sistemas y tecnolog\u00edas avanzadas para monitorizar y controlar de manera eficiente las diversas etapas de producci\u00f3n del aceite de oliva, desde la recolecci\u00f3n de las aceitunas hasta el envasado final del producto.<\/p>\t\t\t\t\t\t<\/div>\n\t\t\t\t<\/div>\n\t\t\t\t\t<\/div>\n\t\t<\/div>\n\t\t\t\t\t\t\t<\/div>\n\t\t<\/section>\n\t\t\t\t\t\t\t<\/div>\n\t\t","protected":false},"excerpt":{"rendered":"<p>GRUPO DE INVESTIGACI\u00d3N EN ROB\u00d3TICA AUTOM\u00c1TICA Y VISI\u00d3N POR COMPUTADOR GRUPO DE INVESTIGACI\u00d3N EN ROB\u00d3TICA AUTOM\u00c1TICA Y VISI\u00d3N POR COMPUTADOR GRUPO DE INVESTIGACI\u00d3N EN ROB\u00d3TICA AUTOM\u00c1TICA Y VISI\u00d3N POR COMPUTADOR Rob\u00f3tica L\u00ednea de investigaci\u00f3n relacionada con el control de la interacci\u00f3n f\u00edsica de manipuladores referida a la capacidad de \u00e9stos para interactuar de manera segura [&hellip;]<\/p>\n","protected":false},"author":1,"featured_media":0,"parent":0,"menu_order":0,"comment_status":"closed","ping_status":"closed","template":"","meta":[],"_links":{"self":[{"href":"https:\/\/grav.ujaen.es\/index.php\/wp-json\/wp\/v2\/pages\/2795"}],"collection":[{"href":"https:\/\/grav.ujaen.es\/index.php\/wp-json\/wp\/v2\/pages"}],"about":[{"href":"https:\/\/grav.ujaen.es\/index.php\/wp-json\/wp\/v2\/types\/page"}],"author":[{"embeddable":true,"href":"https:\/\/grav.ujaen.es\/index.php\/wp-json\/wp\/v2\/users\/1"}],"replies":[{"embeddable":true,"href":"https:\/\/grav.ujaen.es\/index.php\/wp-json\/wp\/v2\/comments?post=2795"}],"version-history":[{"count":30,"href":"https:\/\/grav.ujaen.es\/index.php\/wp-json\/wp\/v2\/pages\/2795\/revisions"}],"predecessor-version":[{"id":3252,"href":"https:\/\/grav.ujaen.es\/index.php\/wp-json\/wp\/v2\/pages\/2795\/revisions\/3252"}],"wp:attachment":[{"href":"https:\/\/grav.ujaen.es\/index.php\/wp-json\/wp\/v2\/media?parent=2795"}],"curies":[{"name":"wp","href":"https:\/\/api.w.org\/{rel}","templated":true}]}}